{"id":99,"date":"2024-07-17T20:39:26","date_gmt":"2024-07-17T18:39:26","guid":{"rendered":"http:\/\/martina-hause.de\/?page_id=99"},"modified":"2024-07-17T21:55:07","modified_gmt":"2024-07-17T19:55:07","slug":"impressum","status":"publish","type":"page","link":"https:\/\/martina-hause.de\/?page_id=99","title":{"rendered":"Impressum"},"content":{"rendered":"\n<p><strong>Website<\/strong><\/p>\n\n\n\n<p>Dieses Impressum gilt f\u00fcr alle Angebote unter der Domain martina-hause.de inklusive aller Subdomains (Unterseiten).<\/p>\n\n\n\n<p><strong>Angaben gem\u00e4\u00df \u00a7 5 TMG<\/strong><\/p>\n\n\n\n<p>Martina Hause<br>Langensalzaer Stra\u00dfe 1<br>99958 Tonna<\/p>\n\n\n\n<p><br>Telefon: +491742111657<br>E-Mail: martinahause@gmail.com<\/p>\n","protected":false},"excerpt":{"rendered":"<p>Website Dieses Impressum gilt f\u00fcr alle Angebote unter der Domain martina-hause.de inklusive aller Subdomains (Unterseiten). Angaben gem\u00e4\u00df \u00a7 5 TMG Martina HauseLangensalzaer Stra\u00dfe 199958 Tonna Telefon: +491742111657E-Mail: martinahause@gmail.com<\/p>\n","protected":false},"author":1,"featured_media":0,"parent":0,"menu_order":0,"comment_status":"closed","ping_status":"closed","template":"","meta":{"footnotes":""},"class_list":["post-99","page","type-page","status-publish","hentry"],"_links":{"self":[{"href":"https:\/\/martina-hause.de\/index.php?rest_route=\/wp\/v2\/pages\/99","targetHints":{"allow":["GET"]}}],"collection":[{"href":"https:\/\/martina-hause.de\/index.php?rest_route=\/wp\/v2\/pages"}],"about":[{"href":"https:\/\/martina-hause.de\/index.php?rest_route=\/wp\/v2\/types\/page"}],"author":[{"embeddable":true,"href":"https:\/\/martina-hause.de\/index.php?rest_route=\/wp\/v2\/users\/1"}],"replies":[{"embeddable":true,"href":"https:\/\/martina-hause.de\/index.php?rest_route=%2Fwp%2Fv2%2Fcomments&post=99"}],"version-history":[{"count":3,"href":"https:\/\/martina-hause.de\/index.php?rest_route=\/wp\/v2\/pages\/99\/revisions"}],"predecessor-version":[{"id":123,"href":"https:\/\/martina-hause.de\/index.php?rest_route=\/wp\/v2\/pages\/99\/revisions\/123"}],"wp:attachment":[{"href":"https:\/\/martina-hause.de\/index.php?rest_route=%2Fwp%2Fv2%2Fmedia&parent=99"}],"curies":[{"name":"wp","href":"https:\/\/api.w.org\/{rel}","templated":true}]}}